{"id":60,"date":"2018-09-04T12:47:52","date_gmt":"2018-09-04T10:47:52","guid":{"rendered":"http:\/\/riap.iss.it\/riap\/?page_id=60"},"modified":"2023-06-19T13:07:29","modified_gmt":"2023-06-19T11:07:29","slug":"organizzazione","status":"publish","type":"page","link":"https:\/\/riap.iss.it\/riap\/it\/il-progetto\/organizzazione\/","title":{"rendered":"Organizzazione"},"content":{"rendered":"<div class=\"embed-responsive  embed-responsive-16by9\"><iframe loading=\"lazy\" title=\"Il Registro Italiano ArtroProtesi (RIAP) apripista nel monitorare i dispositivi impiantabili\" width=\"1140\" height=\"641\" src=\"https:\/\/www.youtube.com\/embed\/XKVskK4xtEA?feature=oembed\" frameborder=\"0\" allow=\"accelerometer; autoplay; clipboard-write; encrypted-media; gyroscope; picture-in-picture; web-share\" allowfullscreen><\/iframe><\/div>\n<p>&nbsp;<\/p>\n<p>Il Registro Italiano ArtroProtesi (Riap) si propone di organizzare, su scala nazionale, il registro degli interventi di sostituzione protesica articolare, uno strumento indispensabile per:<\/p>\n<ul>\n<li>tenere sotto controllo costante l&#8217;uso degli impianti protesici attraverso una valutazione puntuale della loro performance (sorveglianza del mercato);<\/li>\n<li>tutelare la sicurezza dei pazienti, rintracciando tempestivamente coloro ai quali sia stato impiantato un dispositivo oggetto di richiamo dal mercato;<\/li>\n<li>interagire con i Registri gi\u00e0 attivi in altri Paesi.<\/li>\n<\/ul>\n<p>L\u2019endpoint del registro \u00e8 rilevare il fallimento dell\u2019impianto e, quindi, l\u2019intervento necessario per la sua rimozione. Organizzare un registro nazionale degli interventi di artroprotesi significa dunque raccogliere, per tutti gli interventi effettuati sul territorio nazionale, le informazioni relative al dispositivo impiantato, al paziente e all&#8217;intervento e seguire il paziente nel tempo. I dati raccolti nel registro consentiranno di analizzare la sopravvivenza degli impianti e rintracciare i pazienti in caso di eventi avversi (nel pieno rispetto della normativa sulla privacy).<br \/>\nL\u2019architettura del registro si basa su 3 pilastri fondamentali:<\/p>\n<ul>\n<li>struttura come federazione di registri regionali con il coordinamento dell\u2019Istituto superiore di sanit\u00e0 (Iss);<\/li>\n<li>raccolta dati basata sull\u2019utilizzo di alcune informazioni tratte dai flussi correnti (Schede di Dimissione Ospedaliera, SDO) integrate da un minimum dataset aggiuntivo;<\/li>\n<li>organizzazione del Dizionario Riap-DM, una base di dati che contiene le informazioni necessarie all\u2019identificazione e caratterizzazione del dispositivo medico impiantato.<\/li>\n<\/ul>\n<p>In particolare, l\u2019organizzazione come federazione di registri regionali coordinati dell\u2019Iss permette di lasciare a ogni Regione una propria autonomia adottando, per\u00f2, un unico centro di riferimento nazionale. La raccolta dati basata sull&#8217;utilizzo delle SDO, integrate da un numero minimo di informazioni aggiuntive, riduce drasticamente l&#8217;impegno dei chirurghi che ha sempre rappresentato un punto critico in questo tipo di attivit\u00e0. Un modo, dunque, che permette sia di far fronte all\u2019eterogeneit\u00e0 della gestione delle informazioni sanitarie a livello locale, creando un protocollo comune per la raccolta dei dati (tracciato record nazionale), sia di agevolare la partecipazione dei chirurghi, grazie a un sistema efficiente e poco gravoso sulla pratica clinica quotidiana. La\u00a0<a href=\"http:\/\/www.dati.salute.gov.it\/dati\/dettaglioDataset.jsp?menu=dati&amp;idPag=16\" rel=\"nofollow\" target=\"_blank\">Banca dati dei dispositivi medici<\/a>, attiva dal 2007 presso il\u00a0<a href=\"http:\/\/www.salute.gov.it\/\" rel=\"nofollow\" target=\"_blank\">Ministero della Salute<\/a>, costituisce infine un riferimento istituzionale per validare i dati che alimentano costantemente il Dizionario Riap-DM.<\/p>\n<p>L\u2019esperienza di registri internazionali, quali lo Swedish hip and knee register (<a href=\"https:\/\/shpr.registercentrum.se\/shar-in-english\/the-swedish-hip-arthroplasty-register\/p\/ryouZwaoe\" target=\"_blank\" rel=\"noopener\">registro svedese delle sostituzioni dell\u2019anca<\/a>\u00a0e\u00a0<a href=\"http:\/\/www.myknee.se\/en\/\" rel=\"nofollow\" target=\"_blank\">del ginocchio<\/a>) e il National Joint Registry of England, Wales,\u00a0Northern Ireland and the Isle of Man\u00a0(<a title=\"\" href=\"http:\/\/www.njrcentre.org.uk\/njrcentre\/default.aspx\" target=\"_blank\" rel=\"noopener\">NJR &#8211; Registro Nazionale inglese delle artroprotesi<\/a>) ha indicato come ulteriore misura dell\u2019esito la valutazione della qualit\u00e0 della vita percepita dal paziente operato. Con tale approccio \u00e8 possibile cos\u00ec acquisire l\u2019opinione dei pazienti riguardo alla propria articolazione e ai problemi a essa associati. Si tratta, tuttavia, di una rilevazione pi\u00f9 complessa e onerosa che richiede la somministrazione di un set di questionari, i cosiddetti PROMs (Patient Reported Outcome Measures), sia generici (per esempio l\u2019<a href=\"http:\/\/www.euroqol.org\/\" rel=\"nofollow\" target=\"_blank\">EQ-5D\u2122, EuroQol 5 dimensioni<\/a>) che patologia specifici (per esempio l\u2019<a href=\"http:\/\/www.koos.nu\/\" rel=\"nofollow\" target=\"_blank\">HOOS &#8211; Hip disability and osteoarthritis outcome score o KOOS &#8211; HOOS &#8211; Knee disability and osteoarthritis outcome score<\/a>), che il paziente deve compilare prima dell\u2019intervento e dopo 6 mesi. Il <a href=\"http:\/\/riap.iss.it\/riap\/il-progetto\/chi-partecipa\/\" target=\"_blank\" rel=\"noopener\">Riap<\/a> ha testato, in particolari contesti e su campioni selezionati di pazienti, la possibilit\u00e0 di introdurre tale misurazione sia a livello di struttura che a livello regionale.<\/p>\n<p>Partito nel 2006, considerando in primis la protesi di anca per poi estendere il metodo anche alle protesi di ginocchio, spalla e caviglia, il progetto Riap coinvolge il\u00a0<a title=\"\" href=\"http:\/\/www.salute.gov.it\/\" target=\"_blank\" rel=\"noopener\">Ministero della Salute<\/a>, Regioni e Province Autonome, la <a href=\"http:\/\/www.siot.it\/pagine\/index.html\" target=\"_blank\" rel=\"noopener\">Societ\u00e0 Italiana di Ortopedia e Traumatologia (SIOT)<\/a>, la <a href=\"https:\/\/www.sifoweb.it\/\" target=\"_blank\" rel=\"noopener\">Societ\u00e0 Italiana di Farmacia Ospedaliera e dei servizi Farmaceutici delle aziende sanitarie (SIFO)<\/a>, <a href=\"https:\/\/www.confindustriadm.it\/\" target=\"_blank\" rel=\"noopener\">Confindustria-DM<\/a> e l&#8217;<a href=\"https:\/\/apmarr.it\/\" target=\"_blank\" rel=\"noopener\">Associazione Nazionale Persone con Malattie Reumatologiche e Rare (APMARR)<\/a>.<\/p>\n<p>Responsabile dello svolgimento delle attivit\u00e0 tecnico-scientifiche del progetto, finanziate dalla\u00a0<a href=\"http:\/\/www.salute.gov.it\/portale\/ministro\/p4_5_2_4_1.jsp?lingua=italiano&amp;menu=uffCentrali&amp;label=uffCentrali&amp;id=1153\" rel=\"nofollow\" target=\"_blank\">Direzione generale dei dispositivi medici e del servizio farmaceutico<\/a>\u00a0del Ministero della salute, \u00e8 il\u00a0<a title=\"\" href=\"http:\/\/riap.iss.it\/riap\/il-progetto\/comitato-scientifico\/\">Comitato scientifico<\/a>\u00a0nominato il 28 maggio 2008 dal Presidente dell\u2019Iss.<\/p>\n<p>Il Riap \u00e8 un progetto coordinato dall&#8217;Iss.<\/p>\n","protected":false},"excerpt":{"rendered":"<p>&nbsp; Il Registro Italiano ArtroProtesi (Riap) si propone di organizzare, su scala nazionale, il registro degli interventi di sostituzione protesica articolare, uno strumento indispensabile per: tenere sotto controllo costante l&#8217;uso degli impianti protesici attraverso una valutazione puntuale della loro performance (sorveglianza del mercato); tutelare la sicurezza dei pazienti, rintracciando tempestivamente coloro ai quali sia stato &hellip;<\/p>\n","protected":false},"author":2,"featured_media":0,"parent":32,"menu_order":2,"comment_status":"closed","ping_status":"closed","template":"","meta":{"_acf_changed":false,"footnotes":""},"class_list":["post-60","page","type-page","status-publish","hentry"],"acf":[],"_links":{"self":[{"href":"https:\/\/riap.iss.it\/riap\/wp-json\/wp\/v2\/pages\/60","targetHints":{"allow":["GET"]}}],"collection":[{"href":"https:\/\/riap.iss.it\/riap\/wp-json\/wp\/v2\/pages"}],"about":[{"href":"https:\/\/riap.iss.it\/riap\/wp-json\/wp\/v2\/types\/page"}],"author":[{"embeddable":true,"href":"https:\/\/riap.iss.it\/riap\/wp-json\/wp\/v2\/users\/2"}],"replies":[{"embeddable":true,"href":"https:\/\/riap.iss.it\/riap\/wp-json\/wp\/v2\/comments?post=60"}],"version-history":[{"count":0,"href":"https:\/\/riap.iss.it\/riap\/wp-json\/wp\/v2\/pages\/60\/revisions"}],"up":[{"embeddable":true,"href":"https:\/\/riap.iss.it\/riap\/wp-json\/wp\/v2\/pages\/32"}],"wp:attachment":[{"href":"https:\/\/riap.iss.it\/riap\/wp-json\/wp\/v2\/media?parent=60"}],"curies":[{"name":"wp","href":"https:\/\/api.w.org\/{rel}","templated":true}]}}