{"id":279,"date":"2018-09-05T23:20:19","date_gmt":"2018-09-05T21:20:19","guid":{"rendered":"http:\/\/riap.iss.it\/riap\/?page_id=279"},"modified":"2018-12-17T10:12:35","modified_gmt":"2018-12-17T09:12:35","slug":"strumenti","status":"publish","type":"page","link":"https:\/\/riap.iss.it\/riap\/it\/per-il-paziente\/strumenti\/","title":{"rendered":"Strumenti"},"content":{"rendered":"<p><strong>Sei in partenza e hai paura di trovare difficolt\u00e0 ai controlli di sicurezza aeroportuali a causa della tua protesi?<\/strong><br \/>\nIl Registro Italiano di ArtroProtesi (RIAP) ha prodotto il testo di un\u00a0fac-simile\u00a0di certificato medico in doppia lingua (italiano e inglese) che il tuo medico potr\u00e0 riportare sulla propria carta intestata, o su quella della struttura in cui esercita, e che dater\u00e0 e firmer\u00e0. Potrai presentare tale certificato al personale presente ai controlli: in tal modo sapranno che ti sei sottoposto a un intervento di protesi e che il dispositivo impiantato contiene parti metalliche che possono attivare i sistemi di sicurezza aeroportuali.<\/p>\n\n<hr><h3>Attachments<\/h3><hr><div class=\"download-list-container\"><div class=\"download-elem\">\r\n\t<div class=\"row\">\r\n\t\t<div class=\"col-sm-6\">\r\n\t\t\t<p>\r\n\t\t\t\t<em>fac-simile Certificato RIAP<\/em>\r\n\t\t\t<\/p>\r\n\t\t<\/div>\r\n\t\t<div class=\"col-sm-6\">\r\n\t\t\t<a class=\"btn btn-primary btn-download\" href=\"https:\/\/riap.iss.it\/riap\/\/download\/834\/?tmstv=1777886222\"><span class=\"icon-container\"><span class=\"fa fa-download\"><\/span><\/span> Download pdf - 374,71 KB<\/a>\r\n\t\t<\/div>\r\n\t<\/div>\r\n<\/div><\/div>","protected":false},"excerpt":{"rendered":"<p>Sei in partenza e hai paura di trovare difficolt\u00e0 ai controlli di sicurezza aeroportuali a causa della tua protesi? Il Registro Italiano di ArtroProtesi (RIAP) ha prodotto il testo di un\u00a0fac-simile\u00a0di certificato medico in doppia lingua (italiano e inglese) che il tuo medico potr\u00e0 riportare sulla propria carta intestata, o su quella della struttura in &hellip;<\/p>\n","protected":false},"author":3,"featured_media":0,"parent":39,"menu_order":0,"comment_status":"closed","ping_status":"closed","template":"","meta":{"_acf_changed":false,"footnotes":""},"class_list":["post-279","page","type-page","status-publish","hentry"],"acf":[],"_links":{"self":[{"href":"https:\/\/riap.iss.it\/riap\/wp-json\/wp\/v2\/pages\/279","targetHints":{"allow":["GET"]}}],"collection":[{"href":"https:\/\/riap.iss.it\/riap\/wp-json\/wp\/v2\/pages"}],"about":[{"href":"https:\/\/riap.iss.it\/riap\/wp-json\/wp\/v2\/types\/page"}],"author":[{"embeddable":true,"href":"https:\/\/riap.iss.it\/riap\/wp-json\/wp\/v2\/users\/3"}],"replies":[{"embeddable":true,"href":"https:\/\/riap.iss.it\/riap\/wp-json\/wp\/v2\/comments?post=279"}],"version-history":[{"count":0,"href":"https:\/\/riap.iss.it\/riap\/wp-json\/wp\/v2\/pages\/279\/revisions"}],"up":[{"embeddable":true,"href":"https:\/\/riap.iss.it\/riap\/wp-json\/wp\/v2\/pages\/39"}],"wp:attachment":[{"href":"https:\/\/riap.iss.it\/riap\/wp-json\/wp\/v2\/media?parent=279"}],"curies":[{"name":"wp","href":"https:\/\/api.w.org\/{rel}","templated":true}]}}