{"id":276,"date":"2018-09-05T23:19:28","date_gmt":"2018-09-05T21:19:28","guid":{"rendered":"http:\/\/riap.iss.it\/riap\/?page_id=276"},"modified":"2020-12-09T10:56:15","modified_gmt":"2020-12-09T09:56:15","slug":"associazione-apmar","status":"publish","type":"page","link":"https:\/\/riap.iss.it\/riap\/it\/per-il-paziente\/associazione-apmar\/","title":{"rendered":"Associazione APMARR"},"content":{"rendered":"<blockquote><p><a href=\"https:\/\/www.apmar.it\/\" rel=\"nofollow\" target=\"_blank\">APMARR onlus<\/a>, Associazione Nazionale Persone con Malattie Reumatologiche e Rare, \u00e8 nata a tutela dei pazienti reumatici. La sua mission \u00e8 migliorare la qualit\u00e0 dell\u2019assistenza per migliorare la qualit\u00e0 della vita.<\/p><\/blockquote>\n<p><strong>L\u2019obiettivo primario di APMARR \u00e8 adoperarsi affinch\u00e9 le malattie reumatiche trovino la giusta dignit\u00e0 e attenzione presso l\u2019opinione pubblica e la classe politica<\/strong>. L\u2019associazione gi\u00e0 da tempo ha esteso la propria attivit\u00e0 anche alle patologie reumatiche dell\u2019et\u00e0 pediatrica e a quelle rare.<\/p>\n<p><strong>Dal 2012 APMARR fa parte del <a href=\"http:\/\/riap.iss.it\/riap\/il-progetto\/comitato-scientifico\/\">Comitato scientifico<\/a> del Registro Italiano ArtroProtesi<\/strong>, perch\u00e9 ritiene che gli obiettivi dei registri di protesi articolare rispettino il ruolo centrale del paziente, tutelandone la salute e la sicurezza, e migliorando la qualit\u00e0 delle cure erogate. I registri, infatti, non solo possono aiutare i chirurghi a scegliere le protesi migliori per i pazienti, ma possono anche aiutare questi ultimi a conoscere meglio gli impianti disponibili e possono fornire a ospedali, chirurghi e produttori di impianti riscontri che li aiutino a migliorare la cura.<\/p>\n<p>I registri sono pertanto un utile strumento per valorizzare il rapporto medico-paziente, perch\u00e9 possono fornire, all\u2019uno e all\u2019altro, informazioni sulla corretta gestione della malattia basate su solide evidenze scientifiche.\u00a0 Per questo motivo e per utilizzare al meglio la base di dati che si va costituendo, APMARR \u00e8 molto interessata a un percorso <em>condiviso<\/em> di informazione sugli esiti rilevati dal RIAP: l\u2019auspicio \u00e8 che si possa fornire a tutti i cittadini, a livello nazionale, la tracciabilit\u00e0 delle protesi impiantate e l\u2019analisi della loro prestazione, eseguita con metodi validati.<\/p>\n<p><strong>APMARR \u00e8 altamente impegnata nell\u2019attivit\u00e0 di sensibilizzazione nel campo delle malattie reumatiche e di sostegno ai pazienti che ne sono affetti<\/strong>. A tal fine, realizza e distribuisce gratuitamente la rivista trimestrale \u201cMorfologie\u201d, fornisce supporto psicologico gratuito a persone con patologie reumatiche e rare, e sostiene il progetto \u201cReumatologia Pediatrica\u201d. Non meno importanti in questa direzione di sensibilizzazione sono gli eventi che l\u2019APMARR organizza ogni anno; tra questi si ricorda in particolare la <em>Giornata Mondiale delle Malattie Reumatiche <\/em>(12 ottobre)<em>, <\/em>nel corso della quale vengono allestiti stand informativi sulle patologie reumatiche nei reparti di Reumatologia e vengono organizzati convegni, conferenze stampa, workshop, campagne informative.<\/p>\n<p>Sono attivi:<\/p>\n<ul>\n<li>il numero verde APMARR <strong>800 984 712<\/strong><\/li>\n<li>il sito internet <a href=\"https:\/\/www.apmar.it\" target=\"_blank\" rel=\"noopener noreferrer\">https:\/\/www.apmar.it<\/a><\/li>\n<li>le pagine nei Social Network <a href=\"https:\/\/www.facebook.com\/apmaronlus\/\" target=\"_blank\" rel=\"noopener noreferrer\">Facebook<\/a> e <a href=\"https:\/\/twitter.com\/APMARONLUS\" target=\"_blank\" rel=\"noopener noreferrer\">Twitter<\/a><\/li>\n<li>il canale <a href=\"https:\/\/www.youtube.com\/user\/APMARVIDEO\" target=\"_blank\" rel=\"noopener noreferrer\">YouTube<\/a>.<\/li>\n<\/ul>\n","protected":false},"excerpt":{"rendered":"<p>APMARR onlus, Associazione Nazionale Persone con Malattie Reumatologiche e Rare, \u00e8 nata a tutela dei pazienti reumatici. La sua mission \u00e8 migliorare la qualit\u00e0 dell\u2019assistenza per migliorare la qualit\u00e0 della vita. L\u2019obiettivo primario di APMARR \u00e8 adoperarsi affinch\u00e9 le malattie reumatiche trovino la giusta dignit\u00e0 e attenzione presso l\u2019opinione pubblica e la classe politica. L\u2019associazione &hellip;<\/p>\n","protected":false},"author":3,"featured_media":0,"parent":39,"menu_order":3,"comment_status":"closed","ping_status":"closed","template":"","meta":{"_acf_changed":false,"footnotes":""},"class_list":["post-276","page","type-page","status-publish","hentry"],"acf":[],"_links":{"self":[{"href":"https:\/\/riap.iss.it\/riap\/wp-json\/wp\/v2\/pages\/276","targetHints":{"allow":["GET"]}}],"collection":[{"href":"https:\/\/riap.iss.it\/riap\/wp-json\/wp\/v2\/pages"}],"about":[{"href":"https:\/\/riap.iss.it\/riap\/wp-json\/wp\/v2\/types\/page"}],"author":[{"embeddable":true,"href":"https:\/\/riap.iss.it\/riap\/wp-json\/wp\/v2\/users\/3"}],"replies":[{"embeddable":true,"href":"https:\/\/riap.iss.it\/riap\/wp-json\/wp\/v2\/comments?post=276"}],"version-history":[{"count":0,"href":"https:\/\/riap.iss.it\/riap\/wp-json\/wp\/v2\/pages\/276\/revisions"}],"up":[{"embeddable":true,"href":"https:\/\/riap.iss.it\/riap\/wp-json\/wp\/v2\/pages\/39"}],"wp:attachment":[{"href":"https:\/\/riap.iss.it\/riap\/wp-json\/wp\/v2\/media?parent=276"}],"curies":[{"name":"wp","href":"https:\/\/api.w.org\/{rel}","templated":true}]}}