{"id":2641,"date":"2019-07-15T10:23:58","date_gmt":"2019-07-15T08:23:58","guid":{"rendered":"http:\/\/riap.iss.it\/riap\/?page_id=2641"},"modified":"2019-07-15T10:33:12","modified_gmt":"2019-07-15T08:33:12","slug":"questionario-hoos","status":"publish","type":"page","link":"https:\/\/riap.iss.it\/riap\/it\/strumenti\/questionario-hoos\/","title":{"rendered":"Questionario Hoos"},"content":{"rendered":"<h2><strong>Questionario Hoos<br \/>\n<\/strong><\/h2>\n<p>L\u2019artrosi dell\u2019anca \u00e8 una delle maggiori cause di disabilit\u00e0 cronica e ha un significativo impatto sulla qualit\u00e0 di vita dei pazienti. La letteratura ha mostrato che l\u2019approccio migliore per misurare l\u2019esito di un intervento \u00e8 l\u2019utilizzo di un <strong>questionario validato e autocompilato dal paziente<\/strong>. Con l\u2019obiettivo di mettere a disposizione dell\u2019ortopedia italiana uno strumento gi\u00e0 ampiamente utilizzato in altri contesti internazionali, il RIAP ha organizzato uno studio per tradurre e adattare culturalmente in italiano il questionario <strong>Hip disability and Osteoarthritis Outcome Score (HOOS)<\/strong>. La versione italiana dell\u2019HOOS (<a href=\"https:\/\/hqlo.biomedcentral.com\/articles\/10.1186\/s12955-018-0935-6\" target=\"_blank\" rel=\"noopener noreferrer\"><u>Torre et al. Cross-cultural adaptation and validation of the Italian version of the Hip disability and Osteoarthritis Outcome Score (HOOS). Health and Quality of Life Outcomes (2018) 16:115<\/u><\/a>) ha mostrato di essere uno strumento affidabile per valutare esiti ed efficacia di interventi clinici in pazienti affetti da artrosi e sottoposti a sostituzione protesica dell\u2019anca. Inoltre, la sua capacit\u00e0 di rilevare cambiamenti nel tempo e la facilit\u00e0 di somministrazione suggeriscono che potrebbe essere impiegato in modo routinario in contesti selezionati nell\u2019ambito della raccolta dati RIAP. La versione italiana dell\u2019HOOS \u00e8 disponibile anche nell\u2019Appendice 1F del<a href=\"http:\/\/riap.iss.it\/riap\/it\/attivita\/report\/2018\/12\/21\/report-riap-2018\/\" target=\"_blank\" rel=\"noopener noreferrer\"> <u>Report Riap 2018<\/u><\/a> e sul sito <a href=\"http:\/\/www.koos.nu\/\" target=\"_blank\" rel=\"noopener noreferrer\"><u>www.koos.nu<\/u><\/a>.<\/p>\n","protected":false},"excerpt":{"rendered":"<p>Questionario Hoos L\u2019artrosi dell\u2019anca \u00e8 una delle maggiori cause di disabilit\u00e0 cronica e ha un significativo impatto sulla qualit\u00e0 di vita dei pazienti. La letteratura ha mostrato che l\u2019approccio migliore per misurare l\u2019esito di un intervento \u00e8 l\u2019utilizzo di un questionario validato e autocompilato dal paziente. Con l\u2019obiettivo di mettere a disposizione dell\u2019ortopedia italiana uno &hellip;<\/p>\n","protected":false},"author":5,"featured_media":0,"parent":747,"menu_order":0,"comment_status":"closed","ping_status":"closed","template":"","meta":{"_acf_changed":false,"footnotes":""},"class_list":["post-2641","page","type-page","status-publish","hentry"],"acf":[],"_links":{"self":[{"href":"https:\/\/riap.iss.it\/riap\/wp-json\/wp\/v2\/pages\/2641","targetHints":{"allow":["GET"]}}],"collection":[{"href":"https:\/\/riap.iss.it\/riap\/wp-json\/wp\/v2\/pages"}],"about":[{"href":"https:\/\/riap.iss.it\/riap\/wp-json\/wp\/v2\/types\/page"}],"author":[{"embeddable":true,"href":"https:\/\/riap.iss.it\/riap\/wp-json\/wp\/v2\/users\/5"}],"replies":[{"embeddable":true,"href":"https:\/\/riap.iss.it\/riap\/wp-json\/wp\/v2\/comments?post=2641"}],"version-history":[{"count":0,"href":"https:\/\/riap.iss.it\/riap\/wp-json\/wp\/v2\/pages\/2641\/revisions"}],"up":[{"embeddable":true,"href":"https:\/\/riap.iss.it\/riap\/wp-json\/wp\/v2\/pages\/747"}],"wp:attachment":[{"href":"https:\/\/riap.iss.it\/riap\/wp-json\/wp\/v2\/media?parent=2641"}],"curies":[{"name":"wp","href":"https:\/\/api.w.org\/{rel}","templated":true}]}}